
{"id":99,"date":"2017-03-23T17:03:46","date_gmt":"2017-03-23T16:03:46","guid":{"rendered":"http:\/\/przedszkole126.edu.wroclaw.pl\/?page_id=99"},"modified":"2017-03-31T15:50:20","modified_gmt":"2017-03-31T13:50:20","slug":"zywienie-w-przedszkolu","status":"publish","type":"page","link":"https:\/\/przedszkole126.edu.wroclaw.pl\/index.php\/zywienie-w-przedszkolu\/","title":{"rendered":"\u017bywienie w przedszkolu"},"content":{"rendered":"<div class=\"wpb-content-wrapper\"><p>[vc_row][vc_column][vc_column_text]<\/p>\n<p class=\"tekst-akapit\">Godziny posi\u0142k\u00f3w w naszym przedszkolu:<\/p>\n<p class=\"tekst-akapit\">8:30 &#8211; 9:00 \u015bniadanie<\/p>\n<p class=\"tekst-akapit\">11:30 &#8211; 12:00 zupa z deserem<\/p>\n<p class=\"tekst-akapit\">14:00 &#8211; 14:30 drugie danie<\/p>\n<p class=\"tekst-akapit\" style=\"text-align: justify;\">&nbsp;<\/p>\n<p class=\"tekst-akapit\" style=\"text-align: justify;\">Na wniosek rodzic\u00f3w obiad podzielono na dwa posi\u0142ki. W zwi\u0105zku z tym zupa podawana jest z deserem, a drugie danie jako niezale\u017cny posi\u0142ek, ko\u0144cz\u0105cy dzie\u0144.<\/p>\n<p class=\"tekst-akapit\" style=\"text-align: justify;\">Dbamy o to, \u017ceby do ka\u017cdego posi\u0142ku by\u0142 dodatek owocowo-warzywny. Potrawy s\u0105 przygotowywane codziennie ze \u015bwie\u017cych produkt\u00f3w, dostarczanych na bie\u017c\u0105co. Przy uk\u0142adaniu jad\u0142ospis\u00f3w stosuje si\u0119 tak zwany system dekadowy to znaczy, \u017ce przez 10 kolejnych dni nie powtarza si\u0119 \u017caden posi\u0142ek. Ponadto opieramy si\u0119 na zasadach racjonalnego \u017cywienia, kt\u00f3re polega na takim doborze produkt\u00f3w w ca\u0142odziennym jad\u0142ospisie, aby dostarcza\u0142y organizmowi odpowiedni\u0105 ilo\u015b\u0107 sk\u0142adnik\u00f3w od\u017cywczych potrzebnych do prawid\u0142owego funkcjonowania. Posi\u0142ki dobieramy tak, by mie\u015bci\u0142y si\u0119 w granicach norm pod wzgl\u0119dem kalorycznym i energetycznym czyli takich, kt\u00f3re zawieraj\u0105 odpowiedni\u0105 ilo\u015b\u0107 bia\u0142ka, w\u0119glowodan\u00f3w, t\u0142uszcz\u00f3w, soli mineralnych i witamin. Staramy si\u0119 nasze jad\u0142ospisy urozmaica\u0107 i wprowadza\u0107 nowo\u015bci pojawiaj\u0105ce si\u0119 na rynku, kt\u00f3re dzieci doskonale znaj\u0105 z reklam, wi\u0119c ch\u0119tnie je jedz\u0105. Zgodnie z powiedzeniem &#8222;jemy oczami&#8221; dbamy o spos\u00f3b podawania wszystkich potraw, tak by by\u0142y kolorowe i zach\u0119caj\u0105ce do spo\u017cycia.<\/p>\n<p>[\/vc_column_text][\/vc_column][\/vc_row]<\/p>\n<\/div>","protected":false},"excerpt":{"rendered":"<p>[vc_row][vc_column][vc_column_text] Godziny posi\u0142k\u00f3w w naszym przedszkolu: 8:30 &#8211; 9:00 \u015bniadanie 11:30 &#8211; 12:00 zupa z deserem 14:00 &#8211; 14:30 drugie danie &nbsp; Na wniosek rodzic\u00f3w obiad podzielono na dwa posi\u0142ki. [&hellip;]<\/p>\n","protected":false},"author":7,"featured_media":0,"parent":0,"menu_order":0,"comment_status":"closed","ping_status":"closed","template":"","meta":{"ngg_post_thumbnail":0,"footnotes":""},"class_list":["post-99","page","type-page","status-publish","hentry","clearfix"],"_links":{"self":[{"href":"https:\/\/przedszkole126.edu.wroclaw.pl\/index.php\/wp-json\/wp\/v2\/pages\/99","targetHints":{"allow":["GET"]}}],"collection":[{"href":"https:\/\/przedszkole126.edu.wroclaw.pl\/index.php\/wp-json\/wp\/v2\/pages"}],"about":[{"href":"https:\/\/przedszkole126.edu.wroclaw.pl\/index.php\/wp-json\/wp\/v2\/types\/page"}],"author":[{"embeddable":true,"href":"https:\/\/przedszkole126.edu.wroclaw.pl\/index.php\/wp-json\/wp\/v2\/users\/7"}],"replies":[{"embeddable":true,"href":"https:\/\/przedszkole126.edu.wroclaw.pl\/index.php\/wp-json\/wp\/v2\/comments?post=99"}],"version-history":[{"count":3,"href":"https:\/\/przedszkole126.edu.wroclaw.pl\/index.php\/wp-json\/wp\/v2\/pages\/99\/revisions"}],"predecessor-version":[{"id":171,"href":"https:\/\/przedszkole126.edu.wroclaw.pl\/index.php\/wp-json\/wp\/v2\/pages\/99\/revisions\/171"}],"wp:attachment":[{"href":"https:\/\/przedszkole126.edu.wroclaw.pl\/index.php\/wp-json\/wp\/v2\/media?parent=99"}],"curies":[{"name":"wp","href":"https:\/\/api.w.org\/{rel}","templated":true}]}}