
{"id":30,"date":"2016-12-28T17:13:33","date_gmt":"2016-12-28T16:13:33","guid":{"rendered":"http:\/\/przedszkole126.edu.wroclaw.pl\/?page_id=30"},"modified":"2025-02-19T09:40:27","modified_gmt":"2025-02-19T08:40:27","slug":"grupy","status":"publish","type":"page","link":"https:\/\/przedszkole126.edu.wroclaw.pl\/index.php\/grupy\/","title":{"rendered":"Grupy"},"content":{"rendered":"<div class=\"wpb-content-wrapper\"><p>[vc_row][vc_column width=&#8221;1\/3&#8243;][vc_column_text css=&#8221;.vc_custom_1739953478880{background-color: #ffffff !important;background-position: center !important;background-repeat: no-repeat !important;background-size: cover !important;border-radius: 1px !important;}&#8221;]<\/p>\n<div style=\"padding: 10px;\">\n<h2 style=\"text-align: center;\"><img loading=\"lazy\" decoding=\"async\" class=\"alignnone size-full wp-image-334\" src=\"https:\/\/przedszkole126.edu.wroclaw.pl\/wp-content\/uploads\/sites\/16\/2020\/10\/zabki1.png\" alt=\"\" width=\"150\" height=\"150\"><\/h2>\n<h2 style=\"text-align: center;\">Grupa I &#8211; \u017babki<\/h2>\n<p style=\"text-align: center;\">To najm\u0142odsze 3 letnie dzieci, dopiero przyzwyczajaj\u0105 si\u0119 do przedszkola.<\/p>\n<p style=\"text-align: center;\">Nauczyciele: Pani Ma\u0142gosia, Pani Kasia;&nbsp;Pomoc nauczyciela: Pani Monika;&nbsp;Wo\u017ana: Pani Dorotka<\/p>\n<\/div>\n<p>[\/vc_column_text][vc_empty_space][\/vc_column][vc_column width=&#8221;1\/3&#8243;][vc_column_text css=&#8221;.vc_custom_1739953562712{background-color: #ffffff !important;border-radius: 1px !important;}&#8221;]<\/p>\n<div style=\"padding: 10px;\">\n<h2 style=\"text-align: center;\"><img loading=\"lazy\" decoding=\"async\" class=\"alignnone size-full wp-image-335\" src=\"https:\/\/przedszkole126.edu.wroclaw.pl\/wp-content\/uploads\/sites\/16\/2020\/10\/zajaczki1.png\" alt=\"\" width=\"150\" height=\"150\"><\/h2>\n<h2 style=\"text-align: center;\">Grupa II -Zaj\u0105czki<\/h2>\n<div class=\"fancy-box-content\">\n<p style=\"text-align: center;\" data-normal-size=\"14\">To 3-4-latki, w wi\u0119kszo\u015bci s\u0105 w przedszkolu ju\u017c drugi rok.<\/p>\n<p style=\"text-align: center;\" data-normal-size=\"14\">Nauczyciel: Pani Ewa; Pomoc nauczyciela: Pani Ewa; Wo\u017ana: Pani Magda<\/p>\n<\/div>\n<\/div>\n<p>[\/vc_column_text][vc_empty_space][\/vc_column][vc_column width=&#8221;1\/3&#8243;][vc_column_text css=&#8221;.vc_custom_1739953622442{background-color: #ffffff !important;border-radius: 1px !important;}&#8221;]<\/p>\n<div style=\"padding: 10px;\">\n<h2 style=\"text-align: center;\"><img loading=\"lazy\" decoding=\"async\" class=\"alignnone size-full wp-image-332\" src=\"https:\/\/przedszkole126.edu.wroclaw.pl\/wp-content\/uploads\/sites\/16\/2020\/10\/rybki1.png\" alt=\"\" width=\"150\" height=\"150\"><\/h2>\n<h2 style=\"text-align: center;\">Grupa III \u2013 Rybki<\/h2>\n<div class=\"fancy-box-content\">\n<p style=\"text-align: center;\" data-normal-size=\"14\">4-5-latki, wi\u0119c prawie weterani i starsi nowicjusze.<\/p>\n<p style=\"text-align: center;\" data-normal-size=\"14\">Nauczyciel: Pani Ma\u0142gosia; Pomoc nauczyciela: Pani Natalka; Wo\u017ana: Pani Basia<\/p>\n<\/div>\n<\/div>\n<p>[\/vc_column_text][\/vc_column][\/vc_row][vc_row][vc_column width=&#8221;1\/3&#8243;][vc_column_text css=&#8221;.vc_custom_1739953699977{background-color: #ffffff !important;border-radius: 1px !important;}&#8221;]<\/p>\n<div style=\"padding: 10px;\">\n<h2 style=\"text-align: center;\"><img loading=\"lazy\" decoding=\"async\" class=\"alignnone size-full wp-image-333\" src=\"https:\/\/przedszkole126.edu.wroclaw.pl\/wp-content\/uploads\/sites\/16\/2020\/10\/szpaki1.png\" alt=\"\" width=\"150\" height=\"150\"><\/h2>\n<h2 style=\"text-align: center;\">Grupa IV \u2013 Szpaki<\/h2>\n<p style=\"text-align: center;\">5-6-latki czyli \u201czer\u00f3wka\u201d \u2013 ko\u0144cz\u0105 niebawem edukacj\u0119 w przedszkolu.<\/p>\n<p style=\"text-align: center;\">Nauczyciele: Pani Ania, Pani Dorotka; Pomoc nauczyciela: Pani Monika; Wo\u017ana: Pani Magda&nbsp;<\/p>\n<\/div>\n<p>[\/vc_column_text][\/vc_column][vc_column width=&#8221;1\/3&#8243;][\/vc_column][vc_column width=&#8221;1\/3&#8243;][vc_column_text css=&#8221;.vc_custom_1739954421758{background-color: #ffffff !important;border-radius: 1px !important;}&#8221;]<\/p>\n<div style=\"padding: 10px;\">\n<h2 style=\"text-align: center;\"><img loading=\"lazy\" decoding=\"async\" class=\"alignnone size-full wp-image-331\" src=\"https:\/\/przedszkole126.edu.wroclaw.pl\/wp-content\/uploads\/sites\/16\/2020\/10\/ekostraznicy1.png\" alt=\"\" width=\"150\" height=\"150\"><\/h2>\n<h2 style=\"text-align: center;\">Grupa V \u2013 Ekostra\u017cnicy<\/h2>\n<p style=\"text-align: center;\">5-6-latki te\u017c \u201czer\u00f3wka\u201d i te\u017c nas w tym roku po\u017cegnaj\u0105.<\/p>\n<p style=\"text-align: center;\">Nauczycielki: Pani jagoda; Pomoc nauczyciela: Pani Marita; Wo\u017ana Pani Basia<\/p>\n<\/div>\n<p>[\/vc_column_text][\/vc_column][\/vc_row][vc_row][vc_column][vc_column_text]<\/p>\n<p>[\/vc_column_text][\/vc_column][\/vc_row]<\/p>\n<\/div>","protected":false},"excerpt":{"rendered":"<p>[vc_row][vc_column width=&#8221;1\/3&#8243;][vc_column_text css=&#8221;.vc_custom_1739953478880{background-color: #ffffff !important;background-position: center !important;background-repeat: no-repeat !important;background-size: cover !important;border-radius: 1px !important;}&#8221;] Grupa I &#8211; \u017babki To najm\u0142odsze 3 letnie dzieci, dopiero przyzwyczajaj\u0105 si\u0119 do przedszkola. Nauczyciele: Pani Ma\u0142gosia, [&hellip;]<\/p>\n","protected":false},"author":7,"featured_media":0,"parent":0,"menu_order":0,"comment_status":"closed","ping_status":"closed","template":"","meta":{"ngg_post_thumbnail":0,"footnotes":""},"class_list":["post-30","page","type-page","status-publish","hentry","clearfix"],"_links":{"self":[{"href":"https:\/\/przedszkole126.edu.wroclaw.pl\/index.php\/wp-json\/wp\/v2\/pages\/30","targetHints":{"allow":["GET"]}}],"collection":[{"href":"https:\/\/przedszkole126.edu.wroclaw.pl\/index.php\/wp-json\/wp\/v2\/pages"}],"about":[{"href":"https:\/\/przedszkole126.edu.wroclaw.pl\/index.php\/wp-json\/wp\/v2\/types\/page"}],"author":[{"embeddable":true,"href":"https:\/\/przedszkole126.edu.wroclaw.pl\/index.php\/wp-json\/wp\/v2\/users\/7"}],"replies":[{"embeddable":true,"href":"https:\/\/przedszkole126.edu.wroclaw.pl\/index.php\/wp-json\/wp\/v2\/comments?post=30"}],"version-history":[{"count":50,"href":"https:\/\/przedszkole126.edu.wroclaw.pl\/index.php\/wp-json\/wp\/v2\/pages\/30\/revisions"}],"predecessor-version":[{"id":388,"href":"https:\/\/przedszkole126.edu.wroclaw.pl\/index.php\/wp-json\/wp\/v2\/pages\/30\/revisions\/388"}],"wp:attachment":[{"href":"https:\/\/przedszkole126.edu.wroclaw.pl\/index.php\/wp-json\/wp\/v2\/media?parent=30"}],"curies":[{"name":"wp","href":"https:\/\/api.w.org\/{rel}","templated":true}]}}