
{"id":28,"date":"2016-12-28T17:12:14","date_gmt":"2016-12-28T16:12:14","guid":{"rendered":"http:\/\/przedszkole126.edu.wroclaw.pl\/?page_id=28"},"modified":"2025-02-19T09:22:18","modified_gmt":"2025-02-19T08:22:18","slug":"o-nas","status":"publish","type":"page","link":"https:\/\/przedszkole126.edu.wroclaw.pl\/index.php\/o-nas\/","title":{"rendered":"O nas"},"content":{"rendered":"<div class=\"wpb-content-wrapper\"><p>[vc_row][vc_column][vc_column_text css=&#8221;&#8221;]<\/p>\n<p class=\"tekst-akapit\" style=\"text-align: justify;\">&nbsp;&nbsp;&nbsp;&nbsp; Przedszkole mie\u015bci si\u0119 w zbudowanym specjalnie do tego celu wolnostoj\u0105cym budynku typu &#8222;szwedzkiego&#8221;. Jest otoczone bogatym w ziele\u0144, zagospodarowanym ogrodem, wyposa\u017conym w nowoczesne drewniane (atestowane) urz\u0105dzenia do zabaw oraz 4 piaskownice.<\/p>\n<p class=\"tekst-akapit\" style=\"text-align: justify;\">&nbsp;&nbsp;&nbsp;&nbsp;&nbsp; Plac\u00f3wka jest bardzo dobrze wyposa\u017cona w sprz\u0119t do \u0107wicze\u0144 gimnastycznych i pomoce dydaktyczne. Posiadamy 125 miejsc w pi\u0119ciu oddzia\u0142ach.<\/p>\n<p class=\"tekst-akapit\" style=\"text-align: justify;\">&nbsp;&nbsp;&nbsp;&nbsp; Przedszkole nale\u017cy do Dolno\u015bl\u0105skiej sieci plac\u00f3wek promuj\u0105cych ekorozw\u00f3j, jest przyjazne, otwarte na potrzeby dzieci, uwzgl\u0119dniaj\u0105ce rozw\u00f3j aktywno\u015bci tw\u00f3rczej dziecka oraz zagadnienia zwi\u0105zane z bezpiecznym, zdrowym trybem \u017cycia. Posiadamy opracowane procedury pracy z dzieckiem o specyficznych potrzebach edukacyjnych (dzieckiem zdolnym oraz wymagaj\u0105cym pracy korekcyjno-kompensacyjnej, wyr\u00f3wnywania deficyt\u00f3w rozwojowych). Systematycznie (1-2 razy w miesi\u0105cu) organizowane s\u0105 Koncerty Muzyczne, przedstawienia teatralne, wyj\u015bcia do Teatru Lalek, do filharmonii, wycieczki do muze\u00f3w, lekcje muzealne, spotkania z autorami i tw\u00f3rcami. Organizujemy te\u017c wycieczki po Wroc\u0142awiu i w okolice Wroc\u0142awia.<\/p>\n<p class=\"tekst-akapit\" style=\"text-align: justify;\">&nbsp;&nbsp;&nbsp;&nbsp; W przedszkolu utworzona zosta\u0142a &#8222;Galeria R\u00f3\u017canka&#8221; z my\u015bl\u0105 tak\u017ce o rodzicach dzieci. Prezentowane s\u0105 tam prace profesjonalist\u00f3w: plastyczne, fotografia artystyczna, zbiory filokartyst\u00f3w. Odbywaj\u0105 si\u0119 wernisa\u017ce wystaw.<\/p>\n<p class=\"tekst-akapit\" style=\"text-align: justify;\">Przedszkole posiada ciekaw\u0105 ofert\u0119 zaj\u0119\u0107 dodatkowych.<\/p>\n<p>P\u0142atne z bud\u017cetu plac\u00f3wki:<\/p>\n<ul style=\"text-align: justify;\">\n<li>gimnastyka korekcyjna<\/li>\n<li>terapia logopedyczna<\/li>\n<li>religia<\/li>\n<li>j\u0119zyk angielski<\/li>\n<li>zaj\u0119cia muzyczno-ruchowe<\/li>\n<li>pomoc psychologiczno-pedagogiczna<\/li>\n<li>zaj\u0119cia Mali Wspaniali<\/li>\n<\/ul>\n<p class=\"tekst-akapit\" style=\"text-align: justify;\">&nbsp;&nbsp;&nbsp;&nbsp; Przedszkole posiada od roku 2000 swoj\u0105 nazw\u0119 &#8222;R\u00f3\u017canka&#8221;, w\u0142asne logo, folder. Wydajemy okoliczno\u015bciow\u0105 gazetk\u0119 &#8222;Okienko&#8221;, redagowan\u0105 w ca\u0142o\u015bci przez zesp\u00f3\u0142 nauczycieli przedszkola i bezp\u0142atnie rozdawan\u0105 rodzicom dzieci.<\/p>\n<p class=\"tekst-akapit\" style=\"text-align: justify;\">&nbsp;&nbsp;&nbsp;&nbsp; Plac\u00f3wka promuje swoj\u0105 dzia\u0142alno\u015b\u0107 w \u015brodowisku lokalnym i szerszym. Stale wsp\u00f3\u0142pracuje z plac\u00f3wkami o\u015bwiatowymi i instytucjami (m.in. Przedszkole nr 149, SP 50, Gimnazjum 27, \u017b\u0142obek nr 12, Poradnia Psychologiczno Pedagogiczna nr 5, Parafia MB Bolesnej, wroc\u0142awskie ZOO, Muzeum Narodowe, CK Agora, Sp\u00f3\u0142dzielnia Mieszkaniowa &#8222;Chemik&#8221;, Rada Osiedla Kar\u0142owice &#8211; R\u00f3\u017canka).<\/p>\n<p>[\/vc_column_text][vc_row_inner][vc_column_inner css=&#8221;.vc_custom_1490174893195{padding-bottom: 15px !important;}&#8221;][\/vc_column_inner][\/vc_row_inner][vc_tta_accordion color=&#8221;green&#8221; spacing=&#8221;10&#8243; c_align=&#8221;center&#8221; c_icon=&#8221;&#8221; active_section=&#8221;0&#8243; collapsible_all=&#8221;true&#8221;][vc_tta_section title=&#8221;Rozk\u0142ad dnia&#8221; tab_id=&#8221;1490290419980-09caee91-1d8c&#8221;][vc_column_text css=&#8221;&#8221;]<strong>Harmonogram dnia:<\/strong><\/p>\n<p><strong>6:30- 8:15 <\/strong><\/p>\n<p>Przyprowadzanie dzieci do przedszkola, zabawy dowolne, swobodna tw\u00f3rczo\u015b\u0107 dzieci, zabawy w grupach.<\/p>\n<p><strong>8:15- 8:30<\/strong><\/p>\n<p>Przygotowanie do \u015bniadania, czynno\u015bci higieniczne przed posi\u0142kiem.<\/p>\n<p><strong>8:30- 9:00<\/strong><\/p>\n<p>\u015aniadanie.<\/p>\n<p><strong>9:00- 11:15<\/strong><\/p>\n<p>Zaj\u0119cia dydaktyczne i zabawy planowane- wielokierunkowa aktywno\u015b\u0107 dzieci. Ruch i zabawy na \u015bwie\u017cym powietrzu. Wycieczki i spacery, obserwacje przyrodnicze.<\/p>\n<p><strong>11:15- 11:30<\/strong><\/p>\n<p>Przygotowanie do obiadu, czynno\u015bci higieniczne przed posi\u0142kiem.<\/p>\n<p><strong>11:30- 12:00<\/strong><\/p>\n<p>Obiad- zupa+ deser<\/p>\n<p><strong>12:00- 13:15<\/strong><\/p>\n<p>Odpoczynek poobiedni (s\u0142uchanie czytanej bajki, muzyki relaksacyjnej) Praca indywidualna, zaj\u0119cia edukacyjne, zabawy swobodne w Sali i w ogrodzie przedszkolnym.<\/p>\n<p><strong>13:15: 13:30<\/strong><\/p>\n<p>Przygotowanie do obiadu, czynno\u015bci higieniczne.<\/p>\n<p><strong>13:30- 14:00<\/strong><\/p>\n<p>&nbsp;Obiad II danie<\/p>\n<p><strong>14:00- 17:00<\/strong><\/p>\n<p>Zabawy i zaj\u0119cia organizowanie wg. Pomys\u0142\u00f3w dzieci, praca indywidualna, zabawy swobodne w sali i w ogrodzie. Odbieranie dzieci przez rodzic\u00f3w\/ opiekun\u00f3w.[\/vc_column_text][\/vc_tta_section][vc_tta_section title=&#8221;Misja i wizja&#8221; tab_id=&#8221;1490283123596-3ea23981-caa1&#8243;][vc_wp_text]<\/p>\n<p style=\"text-align: justify;\">&nbsp;&nbsp;&nbsp;&nbsp; <strong>NASZA MISJA<\/strong><\/p>\n<p class=\"tekst-akapit\" style=\"text-align: justify;\">&nbsp;&nbsp;&nbsp;&nbsp; Dbamy o wszechstronny rozw\u00f3j dzieci, aby umo\u017cliwi\u0107 im wyr\u00f3wnany start w szkole. Zapewniamy bezpieczny pobyt, w \u017cyczliwej atmosferze akceptacji i zrozumienia z nastawieniem na zaspokajanie potrzeb ma\u0142ego dziecka. Chcemy wspiera\u0107 rodzin\u0119 w dzia\u0142aniach wychowawczych i dydaktycznych, a w szczeg\u00f3lno\u015bci uwra\u017cliwi\u0107 na pi\u0119kno przyrody i potrzeb\u0119 ochrony \u015brodowiska. W swoich dzia\u0142aniach kierujemy si\u0119 dobrem dziecka, preferujemy zasad\u0119 szcz\u0119\u015bliwego dzieci\u0144stwa.<\/p>\n<p class=\"tekst-akapit\" style=\"text-align: justify;\"><strong>&nbsp;&nbsp;&nbsp;&nbsp;&nbsp; NASZA WIZJA<\/strong><\/p>\n<p class=\"tekst-akapit\" style=\"text-align: justify;\">&nbsp;&nbsp;&nbsp;&nbsp; Wychowanek naszego przedszkola chce &#8222;Aby Ziemia pozosta\u0142a pi\u0119kn\u0105&#8221;, rozumie potrzeb\u0119 ochrony \u015brodowiska, zwierz\u0105t, ro\u015blin, kocha przyrod\u0119, rozumie potrzeb\u0119 zdrowego od\u017cywiania, ma \u015bwiadomo\u015b\u0107 szkodliwo\u015bci nikotyny.<\/p>\n<p>[\/vc_wp_text][\/vc_tta_section][vc_tta_section title=&#8221;Historia&#8221; tab_id=&#8221;1490283123629-f3495fa9-8dfa&#8221;][vc_wp_text]<\/p>\n<p class=\"tekst-akapit\" style=\"text-align: justify;\">&nbsp;&nbsp;&nbsp;&nbsp; Przedszkole nr 126 przy ul. Jugos\u0142owia\u0144skiej 115 powsta\u0142o 23 sierpnia 1980 r. Powo\u0142ane zosta\u0142o przez Kuratorium O\u015bwiaty i Wychowania we Wroc\u0142awiu w oparciu o wniosek Wydzia\u0142u O\u015bwiaty i Wychowania Wroc\u0142aw Psie Pole z dniem 25 lutego 1980 r. Podstaw\u0105 prawn\u0105 powy\u017cszego aktu by\u0142 artyku\u0142 38, ust. 1 ustawy z dnia 15 lipca 1961 r. o rozwoju systemu o\u015bwiaty i wychowania, oraz w oparciu o Uchwa\u0142\u0119 Rady Narodowej wojew\u00f3dztwa wroc\u0142awskiego i Miasta Wroc\u0142awia z dnia 18 lutego 1976 r. Budowa nowego, du\u017cego osiedla usytuowanego na R\u00f3\u017cance, determinowa\u0142a konieczno\u015b\u0107 wybudowania tak\u017ce nowego przedszkola. Budynek zaprojektowano wykorzystuj\u0105c szwedzki model przewidziany dla obiekt\u00f3w u\u017cytkowanych przez dzieci.<\/p>\n<p class=\"tekst-akapit\" style=\"text-align: justify;\">&nbsp;&nbsp;&nbsp; Prace budowlano &#8211; wyko\u0144czeniowe mia\u0142y zako\u0144czy\u0107 si\u0119 w sierpniu 1979 roku, niestety op\u00f3\u017ani\u0142y si\u0119 i pierwsze przedszkolaki przekroczy\u0142y pr\u00f3g przedszkola w marcu 1980 roku, a od wrze\u015bnia 1980 ju\u017c dzia\u0142ali\u015bmy &#8222;pe\u0142n\u0105 par\u0105&#8221;. Pocz\u0105tkowo przedszkole mia\u0142o jeszcze dwie filie w zaadaptowanych pomieszczeniach i siedem oddzia\u0142\u00f3w dzieci. W latach dziewi\u0119\u0107dziesi\u0105tych filie zosta\u0142y zlikwidowane i funkcjonujemy tylko w macierzystym budynku.<\/p>\n<p class=\"tekst-akapit\" style=\"text-align: justify;\">&nbsp;&nbsp;&nbsp; 3 czerwca 2000 r. uroczy\u015bcie obchodzili\u015bmy rocznic\u0119 dwudziestolecia istnienia naszego przedszkola. W tym dniu na mocy Uchwa\u0142y Zarz\u0105du Miasta Wroc\u0142awia otrzymali\u015bmy imi\u0119 &#8222;R\u00f3\u017canka&#8221;. Wydany zosta\u0142 z tej szczeg\u00f3lnej okazji specjalny, okoliczno\u015bciowy numer gazetki przedszkolnej, zawieraj\u0105cy mi\u0119dzy innymi troch\u0119 fakt\u00f3w historycznych o przedszkolu i osiedlu. Honorowym go\u015bciem tej uroczysto\u015bci by\u0142a pierwsza, wieloletnia dyrektorka przedszkola, kt\u00f3ra prowadzi\u0142a t\u0119 plac\u00f3wk\u0119 do 1999 roku.<\/p>\n<p>[\/vc_wp_text][\/vc_tta_section][vc_tta_section title=&#8221;Kadra&#8221; tab_id=&#8221;1490283130176-f30080b2-9934&#8243;][vc_wp_text]<\/p>\n<p class=\"tekst-akapit\" style=\"text-align: justify;\">&nbsp;&nbsp;&nbsp; &nbsp; Personel przedszkola stanowi wykwalifikowana kadra pedagogiczna i inni pracownicy.<\/p>\n<p class=\"tekst-akapit\" style=\"text-align: justify;\">&nbsp; &nbsp;&nbsp; Nauczyciele prowadz\u0105 prac\u0119 dydaktyczno-wychowawcz\u0105 i opieku\u0144cz\u0105 w powierzonym im oddziale &#8211; grupie i odpowiadaj\u0105 za jako\u015b\u0107 swojej pracy oraz bezpiecze\u0144stwo dzieci.<\/p>\n<p class=\"tekst-akapit\" style=\"text-align: justify;\">&nbsp;&nbsp; &nbsp; &nbsp; Opiek\u0119 nad dzie\u0107mi podczas ich pobytu w przedszkolu wspomagaj\u0105 pozostali pracownicy plac\u00f3wki, w szczeg\u00f3lno\u015bci pomoc nauczyciela i wo\u017ane oddzia\u0142owe. Dzi\u0119ki kucharkom i intendentce dzieci mog\u0119 spo\u017cywa\u0107 zawsze \u015bwie\u017ce posi\u0142ki. Konserwator za\u015b zawsze potrafi naprawi\u0107 nie tylko ciekn\u0105cy kran, ale r\u00f3wnie\u017c ulubion\u0105 zabawk\u0119.<\/p>\n<p class=\"tekst-akapit\" style=\"text-align: justify;\">&nbsp;&nbsp;&nbsp; &nbsp; Kadra pedagogiczna naszego przedszkola to wykwalifikowani pedagodzy (nauczyciele), spo\u015br\u00f3d kt\u00f3rych 90% posiada wy\u017csze wykszta\u0142cenie pedagogiczne oraz stopie\u0144 awansu nauczyciela mianowanego lub dyplomowanego.<\/p>\n<p class=\"tekst-akapit\" style=\"text-align: justify;\">&nbsp; &nbsp; Ponadto nasi wychowawcy ca\u0142y czas doskonal\u0105 swoje wiadomo\u015bci i umiej\u0119tno\u015bci uczestnicz\u0105c w r\u00f3\u017cnego rodzaju szkoleniach, konferencjach pedagogicznych, kursach, zespo\u0142ach samokszta\u0142ceniowych.<\/p>\n<p class=\"tekst-akapit\" style=\"text-align: justify;\">&nbsp;&nbsp;&nbsp; &nbsp; &nbsp; Nauczyciele korzystaj\u0105 tak\u017ce z r\u00f3\u017cnych czasopism o tematyce pedagogicznej, internetu, kt\u00f3re to stanowi\u0105 dla nich \u017ar\u00f3d\u0142o informacji o nowo\u015bciach, bie\u017c\u0105cych zmianach dotycz\u0105cych ich pracy. Maj\u0105 sta\u0142y kontakt z do\u015bwiadczonymi metodykami z o\u015brodk\u00f3w doskonalenia nauczycieli s\u0142u\u017c\u0105cymi pomoc\u0105 i rad\u0105 w razie zapyta\u0144 czy w\u0105tpliwo\u015bci.<\/p>\n<p class=\"tekst-akapit\" style=\"text-align: justify;\">&nbsp;&nbsp;&nbsp;&nbsp;&nbsp; Ponadto kadra pedagogiczna naszego przedszkola podnosi swoje umiej\u0119tno\u015bci i kwalifikacje kszta\u0142c\u0105c si\u0119 na studiach podyplomowych.<\/p>\n<p class=\"tekst-akapit\" style=\"text-align: justify;\">&nbsp;&nbsp;&nbsp;&nbsp; Nauczyciele wsp\u00f3\u0142pracuj\u0105 ze specjalistami \u015bwiadcz\u0105cymi kwalifikowan\u0105 pomoc psychologiczno-pedagogiczn\u0105 oraz z innymi instytucjami realizuj\u0105cymi podobne cele.<\/p>\n<p class=\"tekst-akapit\" style=\"text-align: justify;\">&nbsp;&nbsp;&nbsp;&nbsp; Wszystkie te dzia\u0142ania prowadzone przez nauczycieli s\u0142u\u017c\u0105 podnoszeniu poziomu dzia\u0142a\u0144 opieku\u0144czych, wychowawczych dydaktycznych oraz wzbogaceniu ich warsztatu pracy a tym samym uatrakcyjnieniu pobytu dzieci w przedszkolu.<\/p>\n<p>[\/vc_wp_text][\/vc_tta_section][vc_tta_section title=&#8221;Hymn&#8221; tab_id=&#8221;1490290211927-f9dbd47c-1bfd&#8221;][vc_wp_text]<\/p>\n<p class=\"tekst-akapit\">&nbsp;&nbsp;&nbsp;&nbsp; W roku 2000 powsta\u0142 hymn naszego przedszkola i przedszkolak\u00f3w, napisany przez jedn\u0105 z nauczycielek oraz muzyka prowadz\u0105cego w\u00f3wczas zaj\u0119cia muzyczno-rytmiczne.<\/p>\n<p class=\"tekst-akapit\">&nbsp;&nbsp;&nbsp;&nbsp; Prawykonanie utworu mia\u0142o miejsce podczas uroczysto\u015bci jubileuszu 20-lecia plac\u00f3wki i nadania imienia &#8222;R\u00f3\u017canka&#8221; &#8211; 3 czerwca 2000 roku.<\/p>\n<p class=\"tekst-akapit\" style=\"text-align: center;\"><strong>Przedszkole w\u015br\u00f3d r\u00f3\u017c<\/strong><\/p>\n<p style=\"text-align: center;\"><em>Jest takie miejsce w\u015br\u00f3d dom\u00f3w wysokich<br \/>\nmiejsce najlepsze na \u015bwiecie<br \/>\nTu co dzie\u0144 z rado\u015bci\u0105,<br \/>\nz u\u015bmiechem szerokim<br \/>\nprzychodz\u0105 od lat ma\u0142e dzieci.<\/em><\/p>\n<p style=\"text-align: center;\"><em>Refren:<\/em><\/p>\n<p style=\"text-align: center;\"><em>R\u00f3\u017canka, R\u00f3\u017canka to moje przedszkole<\/em><br \/>\n<em>jest pi\u0119kne, bo stoi w\u015br\u00f3d r\u00f3\u017c.<\/em><br \/>\n<em>Z piosenk\u0105 weso\u0142o zata\u0144cz\u0119 dzi\u015b w kole,<\/em><br \/>\n<em>gdzie indziej nie p\u00f3jd\u0119 i ju\u017c.<\/em><\/p>\n<p style=\"text-align: center;\"><em>Wroc\u0142awskie osiedle &#8222;R\u00f3\u017canka&#8221; si\u0119 zwie<\/em><br \/>\n<em>tu mamy powietrze zdrowe.<\/em><br \/>\n<em>Wroc\u0142awskie osiedle<\/em><br \/>\n<em>ka\u017cdy to wie &#8211;<\/em><br \/>\n<em>to nasze miejsce bajkowe.<\/em><\/p>\n<p style=\"text-align: center;\"><em>Refren:<\/em><\/p>\n<p style=\"text-align: center;\"><em>R\u00f3\u017canka, R\u00f3\u017canka to moje przedszkole<\/em><br \/>\n<em>jest pi\u0119kne, bo stoi w\u015br\u00f3d r\u00f3\u017c.<\/em><br \/>\n<em>Z piosenk\u0105 weso\u0142o<\/em><br \/>\n<em>zata\u0144cz\u0119 dzi\u015b w kole,<\/em><br \/>\n<em>gdzie indziej nie p\u00f3jd\u0119 i ju\u017c.<\/em><\/p>\n<p>[\/vc_wp_text][\/vc_tta_section][\/vc_tta_accordion][\/vc_column][\/vc_row][vc_column][\/vc_column][vc_wp_text][\/vc_wp_text]<\/p>\n<\/div>","protected":false},"excerpt":{"rendered":"<p>[vc_row][vc_column][vc_column_text css=&#8221;&#8221;] &nbsp;&nbsp;&nbsp;&nbsp; Przedszkole mie\u015bci si\u0119 w zbudowanym specjalnie do tego celu wolnostoj\u0105cym budynku typu &#8222;szwedzkiego&#8221;. Jest otoczone bogatym w ziele\u0144, zagospodarowanym ogrodem, wyposa\u017conym w nowoczesne drewniane (atestowane) urz\u0105dzenia do [&hellip;]<\/p>\n","protected":false},"author":7,"featured_media":0,"parent":0,"menu_order":0,"comment_status":"closed","ping_status":"closed","template":"","meta":{"ngg_post_thumbnail":0,"footnotes":""},"class_list":["post-28","page","type-page","status-publish","hentry","clearfix"],"_links":{"self":[{"href":"https:\/\/przedszkole126.edu.wroclaw.pl\/index.php\/wp-json\/wp\/v2\/pages\/28","targetHints":{"allow":["GET"]}}],"collection":[{"href":"https:\/\/przedszkole126.edu.wroclaw.pl\/index.php\/wp-json\/wp\/v2\/pages"}],"about":[{"href":"https:\/\/przedszkole126.edu.wroclaw.pl\/index.php\/wp-json\/wp\/v2\/types\/page"}],"author":[{"embeddable":true,"href":"https:\/\/przedszkole126.edu.wroclaw.pl\/index.php\/wp-json\/wp\/v2\/users\/7"}],"replies":[{"embeddable":true,"href":"https:\/\/przedszkole126.edu.wroclaw.pl\/index.php\/wp-json\/wp\/v2\/comments?post=28"}],"version-history":[{"count":33,"href":"https:\/\/przedszkole126.edu.wroclaw.pl\/index.php\/wp-json\/wp\/v2\/pages\/28\/revisions"}],"predecessor-version":[{"id":380,"href":"https:\/\/przedszkole126.edu.wroclaw.pl\/index.php\/wp-json\/wp\/v2\/pages\/28\/revisions\/380"}],"wp:attachment":[{"href":"https:\/\/przedszkole126.edu.wroclaw.pl\/index.php\/wp-json\/wp\/v2\/media?parent=28"}],"curies":[{"name":"wp","href":"https:\/\/api.w.org\/{rel}","templated":true}]}}