
{"id":113,"date":"2017-03-23T18:21:51","date_gmt":"2017-03-23T17:21:51","guid":{"rendered":"http:\/\/przedszkole126.edu.wroclaw.pl\/?page_id=113"},"modified":"2017-03-31T15:49:39","modified_gmt":"2017-03-31T13:49:39","slug":"zajecia","status":"publish","type":"page","link":"https:\/\/przedszkole126.edu.wroclaw.pl\/index.php\/zajecia\/","title":{"rendered":"Zaj\u0119cia"},"content":{"rendered":"<div class=\"wpb-content-wrapper\"><p>[vc_row][vc_column][vc_tta_accordion color=&#8221;green&#8221; spacing=&#8221;10&#8243; c_align=&#8221;center&#8221; c_icon=&#8221;&#8221; active_section=&#8221;0&#8243; collapsible_all=&#8221;true&#8221;][vc_tta_section title=&#8221;Programowe&#8221; tab_id=&#8221;1490289551251-cf5348df-577a&#8221;][vc_wp_text]&nbsp;G\u0142\u00f3wnym celem programu jest wspomaganie rozwoju dziecka w zakresie:<\/p>\n<ul style=\"list-style-type: disc;\">\n<li>jego wrodzonych mo\u017cliwo\u015bci tw\u00f3rczych intelektualnych,<\/li>\n<li>poznawanie i wyra\u017canie siebie w r\u00f3\u017cnych formach ekspresji,<\/li>\n<li>nabywania umiej\u0119tno\u015bci komunikacyjnych w kontaktach z innymi oraz kompetencji przygotowuj\u0105cych je do podj\u0119cia nauki w szkole,<\/li>\n<li>wprowadzania dziecka w \u015bwiat warto\u015bci og\u00f3lnoludzkich<\/li>\n<\/ul>\n<p>Do szczeg\u00f3\u0142owych cel\u00f3w okre\u015blonych w programie nale\u017c\u0105:<\/p>\n<ul style=\"list-style-type: disc;\">\n<li>wzbogacanie wiedzy o otaczaj\u0105cym \u015bwiecie i zdobywanie nowych do\u015bwiadcze\u0144 w kontakcie ze \u015brodowiskiem: spo\u0142ecznym, przyrodniczym, kulturowym i technicznym,<\/li>\n<li>doskonalenie proces\u00f3w poznawczych, usprawnianie pami\u0119ci oraz predyspozycji umys\u0142owych,<\/li>\n<li>wyposa\u017cenie dzieci w wiedz\u0119 i umiej\u0119tno\u015bci niezb\u0119dne do podj\u0119cia nauki w szkole znajomo\u015b\u0107 liter, cyfr, znak\u00f3w matematycznych, czytanie, pisanie, liczenie,<\/li>\n<li>umo\u017cliwianie dzieciom odkrywania siebie i innych przez w\u0142asne dzia\u0142ania,<\/li>\n<li>wyrabianie umiej\u0119tno\u015bci komunikowania si\u0119 w spos\u00f3b werbalny i niewerbalny,<\/li>\n<li>stymulowanie ciekawo\u015bci poznawczej oraz aktywizowanie sfery wyobra\u017ani i fantazji,<\/li>\n<li>kszta\u0142towanie postawy tw\u00f3rczej i my\u015blenia tw\u00f3rczego,<\/li>\n<li>rozwijanie aktywnej postawy badacza w kontakcie z otaczaj\u0105cym \u015bwiatem,<\/li>\n<li>umo\u017cliwianie dzieciom dokonywania wybor\u00f3w i prze\u017cywania pozytywnych efekt\u00f3w w\u0142asnych dzia\u0142a\u0144,<\/li>\n<li>zacie\u015bnienie \u0142\u0105czno\u015bci ze sztuk\u0105 (teatr, plastyka, literatura, muzyka),<\/li>\n<li>pomoc dziecku w budowaniu pozytywnego obrazu w\u0142asnego &#8222;ja&#8221;, kszta\u0142towanie \u017cyczliwego i otwartego stosunku do ludzi oraz przyrody,<\/li>\n<li>uczenie dzieci rozwi\u0105zywania sytuacji trudnych na zasadzie kompromisu i uwzgl\u0119dniania potrzeb innych.<\/li>\n<\/ul>\n<p>W naszych dzia\u0142aniach nie ograniczamy si\u0119 jednak wy\u0142\u0105cznie do programu. W celu poszerzenia wiedzy dzieci i uatrakcyjnienia zaj\u0119\u0107 przygotowujemy r\u00f3\u017cnorodne projekty edukacyjne.[\/vc_wp_text][\/vc_tta_section][vc_tta_section title=&#8221;Dodatkowe&#8221; tab_id=&#8221;1490289551425-912cdd4e-95ec&#8221;][vc_wp_text]<\/p>\n<p class=\"tekst-akapit\">Mamy ciekaw\u0105 ofert\u0119 zaj\u0119\u0107 dodatkowych, w kt\u00f3rych bior\u0105 udzia\u0142 wszystkie dzieci ucz\u0119szczaj\u0105ce do przedszkola. Zaj\u0119cia s\u0105 finansowane z bud\u017cetu plac\u00f3wki.<\/p>\n<ul style=\"list-style-type: disc;\">\n<li>Gimnastyka korekcyjna &#8211; prowadzi Pani Iwonka,<\/li>\n<li>Zaj\u0119cia logopedyczne &#8211; prowadzi Pani Ewa,<\/li>\n<li>Religia &#8211; prowadzi Ksi\u0105dz Piotr,<\/li>\n<li>Rytmika &#8211; prowadzi Pani Ania,<\/li>\n<li>J\u0119zyk angielski &#8211; prowadzi Pan Przemek,<\/li>\n<li>Nauka gry w szachy &#8211; prowadzi Pani Olga.<\/li>\n<\/ul>\n<p>[\/vc_wp_text][\/vc_tta_section][vc_tta_section title=&#8221;Scenariusze zaj\u0119\u0107&#8221; tab_id=&#8221;1490289595916-3f6dba76-3c3c&#8221;][vc_wp_text]<\/p>\n<p class=\"tekst-akapit\">Scenariusz zaj\u0119cia dla dzieci 5 &#8211; letnich <strong>TEMAT: &#8222;Witaminowe abecad\u0142o&#8221;<\/strong> &#8211; kr\u00f3tka inscenizacja wiersza.<\/p>\n<p>Cele:<\/p>\n<ul style=\"list-style-type: disc;\">\n<li>kszta\u0142towanie nawyk\u00f3w zdrowego od\u017cywiania si\u0119,<\/li>\n<li>wyrabianie \u015bwiadomo\u015bci wp\u0142ywu owoc\u00f3w i warzyw na utrzymanie dobrego zdrowia,<\/li>\n<li>kszta\u0142cenie umiej\u0119tno\u015bci wyra\u017cania tekstu literackiego g\u0142osem, mimik\u0105 i gestem,<\/li>\n<li>\u0107wiczenie prawid\u0142owej wymowy.<\/li>\n<\/ul>\n<p>POMOCE: wiersz &#8222;Witaminowe abecad\u0142o&#8221; &#8211; S. Karaszewski, emblematy, stroje dla dzieci.<\/p>\n<p>Na scen\u0119 wchodz\u0105 dzieci:<\/p>\n<p style=\"text-align: center;\">Dziecko I<br \/>\nOczy, gard\u0142o, w\u0142osy, ko\u015bci<br \/>\nzdrowsze s\u0105, gdy A w nich go\u015bci.<br \/>\nA w marchewce, pomidorze, w ma\u015ble,<br \/>\nmleku te\u017c by\u0107 mo\u017ce.<\/p>\n<p style=\"text-align: center;\">Dziecko II<br \/>\nB &#8211; b\u0105d\u017a bystry, zwinny, \u017cwawy<br \/>\ndo nauki i zabawy!<br \/>\nW dro\u017cd\u017cach, ziarnach i orzeszkach,<br \/>\nw serach, jajkach B te\u017c mieszka.<\/p>\n<p style=\"text-align: center;\">CH\u00d3R DZIECI<br \/>\nNaturalne witaminy<br \/>\nlubi\u0105 ch\u0142opcy i dziewczyny.<br \/>\nBo najlepsze witaminy to owoce i jarzyny.<\/p>\n<p style=\"text-align: center;\">DZIECKO III<br \/>\nC &#8211; to co\u015b na przezi\u0119bienie<br \/>\ni najlepsze ran gojenie.<br \/>\nC &#8211; porzeczka i cytryna<br \/>\n\u015bwie\u017cy owoc i jarzyna !<\/p>\n<p style=\"text-align: center;\">DZIECKO IV<br \/>\nZ\u0119by, ko\u015bci lepiej rosn\u0105<br \/>\nkiedy D dostana wiosn\u0105.<br \/>\nZjesz j\u0105 z ryb\u0105, jajkiem, mlekiem,<br \/>\nna krzywic\u0119 D jest lekiem.<\/p>\n<p style=\"text-align: center;\">CH\u00d3R DZIECI<br \/>\nNaturalne witaminy<br \/>\nlubi\u0105 ch\u0142opcy i dziewczyny.<br \/>\nBo najlepsze witaminy to owoce i jarzyny.<\/p>\n<p style=\"text-align: center;\">PODSUMOWANIE<br \/>\nZabawa ruchowa przy piosence o zdrowiu.<\/p>\n<p>[\/vc_wp_text][\/vc_tta_section][\/vc_tta_accordion][\/vc_column][\/vc_row]<\/p>\n<\/div>","protected":false},"excerpt":{"rendered":"<p>[vc_row][vc_column][vc_tta_accordion color=&#8221;green&#8221; spacing=&#8221;10&#8243; c_align=&#8221;center&#8221; c_icon=&#8221;&#8221; active_section=&#8221;0&#8243; collapsible_all=&#8221;true&#8221;][vc_tta_section title=&#8221;Programowe&#8221; tab_id=&#8221;1490289551251-cf5348df-577a&#8221;][vc_wp_text]&nbsp;G\u0142\u00f3wnym celem programu jest wspomaganie rozwoju dziecka w zakresie: jego wrodzonych mo\u017cliwo\u015bci tw\u00f3rczych intelektualnych, poznawanie i wyra\u017canie siebie w r\u00f3\u017cnych formach ekspresji, [&hellip;]<\/p>\n","protected":false},"author":7,"featured_media":0,"parent":0,"menu_order":0,"comment_status":"closed","ping_status":"closed","template":"","meta":{"ngg_post_thumbnail":0,"footnotes":""},"class_list":["post-113","page","type-page","status-publish","hentry","clearfix"],"_links":{"self":[{"href":"https:\/\/przedszkole126.edu.wroclaw.pl\/index.php\/wp-json\/wp\/v2\/pages\/113","targetHints":{"allow":["GET"]}}],"collection":[{"href":"https:\/\/przedszkole126.edu.wroclaw.pl\/index.php\/wp-json\/wp\/v2\/pages"}],"about":[{"href":"https:\/\/przedszkole126.edu.wroclaw.pl\/index.php\/wp-json\/wp\/v2\/types\/page"}],"author":[{"embeddable":true,"href":"https:\/\/przedszkole126.edu.wroclaw.pl\/index.php\/wp-json\/wp\/v2\/users\/7"}],"replies":[{"embeddable":true,"href":"https:\/\/przedszkole126.edu.wroclaw.pl\/index.php\/wp-json\/wp\/v2\/comments?post=113"}],"version-history":[{"count":4,"href":"https:\/\/przedszkole126.edu.wroclaw.pl\/index.php\/wp-json\/wp\/v2\/pages\/113\/revisions"}],"predecessor-version":[{"id":192,"href":"https:\/\/przedszkole126.edu.wroclaw.pl\/index.php\/wp-json\/wp\/v2\/pages\/113\/revisions\/192"}],"wp:attachment":[{"href":"https:\/\/przedszkole126.edu.wroclaw.pl\/index.php\/wp-json\/wp\/v2\/media?parent=113"}],"curies":[{"name":"wp","href":"https:\/\/api.w.org\/{rel}","templated":true}]}}