
{"id":102,"date":"2017-03-23T17:09:55","date_gmt":"2017-03-23T16:09:55","guid":{"rendered":"http:\/\/przedszkole126.edu.wroclaw.pl\/?page_id=102"},"modified":"2017-03-31T15:47:47","modified_gmt":"2017-03-31T13:47:47","slug":"ekonowinki","status":"publish","type":"page","link":"https:\/\/przedszkole126.edu.wroclaw.pl\/index.php\/ekonowinki\/","title":{"rendered":"Ekonowinki"},"content":{"rendered":"<div class=\"wpb-content-wrapper\"><p>[vc_row][vc_column][vc_tta_accordion color=&#8221;green&#8221; spacing=&#8221;10&#8243; c_align=&#8221;center&#8221; c_icon=&#8221;&#8221; active_section=&#8221;0&#8243; collapsible_all=&#8221;true&#8221;][vc_tta_section title=&#8221;Edukacja ekologiczna&#8221; tab_id=&#8221;1490285417547-0238e873-ff31&#8243;][vc_wp_text]<\/p>\n<p class=\"tekst-akapit\">&nbsp;<em>&#8222;Wi\u0119ksza m\u0105dro\u015b\u0107 znajduje si\u0119 w przyrodzie ni\u017c w ksi\u0105\u017ckach.&#8221;<\/em><br \/>\n<em>Bernard Clairvaux<\/em><\/p>\n<p class=\"tekst-akapit\">Nasze przedszkole jest plac\u00f3wk\u0105 o profilu ekologicznym. Oznacza to, \u017ce w swoich dzia\u0142aniach dydaktyczno-wychowawczych staramy si\u0119 w szeroki spos\u00f3b przybli\u017cy\u0107 dzieciom, jak r\u00f3wnie\u017c najbli\u017cszemu \u015brodowisku spo\u0142ecznemu, t\u0119 tematyk\u0119.<\/p>\n<p class=\"tekst-akapit\"><strong>CELE EDUKACJI EKOLOGICZNEJ W PRZEDSZKOLU:<\/strong><br \/>\n<em>(opracowane na podstawie ksi\u0105\u017cki G. Kuty\u0142owskiej &#8222;Ekologia w przedszkolu&#8221;.<\/em><\/p>\n<ol>\n<li>U\u015bwiadomienie, \u017ce \u017cycie bez kontaktu z przyrod\u0105 jest niemo\u017cliwe. Wszystko, co jest potrzebne cz\u0142owiekowi do \u017cycia, czerpie on ze \u015brodowiska.<\/li>\n<li>Wyposa\u017cenie w wiedz\u0119 dotycz\u0105ca budowy i czynno\u015bci \u017cyciowych organizm\u00f3w \u017cywych oraz ich zwi\u0105zk\u00f3w ze \u015brodowiskiem.<\/li>\n<li>Pog\u0142\u0119bianie wiadomo\u015bci na temat ro\u015blin i zwierz\u0105t \u017cyj\u0105cych na Ziemi.<\/li>\n<li>U\u015bwiadamianie, \u017ce ka\u017cda istota \u017cywa ma prawo do godnego \u017cycia.<\/li>\n<li>Kszta\u0142towanie podstawowych zasad ochrony przyrody.<\/li>\n<li>Kszta\u0142towanie umiej\u0119tno\u015bci racjonalnego korzystania z odnawialnych i nieodnawialnych zasob\u00f3w przyrody.<\/li>\n<li>Wprowadzanie czystych technologii i racjonalnego wykorzystywania zasob\u00f3w przyrody oraz utylizacji odpad\u00f3w.<\/li>\n<li>Kszta\u0142towanie w\u0142asnego &#8222;ja&#8221; w harmonii ze \u015brodowiskiem.<\/li>\n<li>Rozwijanie aktywnych form wypoczynku na \u0142onie natury.<\/li>\n<li>Kszta\u0142towanie poczucia odpowiedzialno\u015bci za stan \u015brodowiska przyrodniczego.<\/li>\n<\/ol>\n<p class=\"tekst-akapit\"><strong>TRE\u015aCI EDUKACJI EKOLOGICZNEJ WG PROGRAMU<\/strong><\/p>\n<ol>\n<li>Nabywanie wiedzy o \u015bwiecie przyrody poprzez inicjowanie samodzielnych dzia\u0142a\u0144 dzieci w naturalnym \u015brodowisku, eksperymentowanie, badanie, ogl\u0105danie album\u00f3w i r\u00f3\u017cnorodnych eksponat\u00f3w przyrodniczych. Organizowanie celowych obserwacji, zabaw dydaktycznych, tematycznych i tw\u00f3rczych, umo\u017cliwiaj\u0105cych dziecku poznanie \u015bwiata ro\u015blin i zwierz\u0105t w r\u00f3\u017cnych porach roku.\n<ul style=\"list-style-type: disc;\">\n<li>Gromadzenie r\u00f3\u017cnych okaz\u00f3w przyrodniczych w k\u0105ciku przyrody.<\/li>\n<li>Rozr\u00f3\u017cnianie i nazywanie r\u00f3\u017cnych ekosystem\u00f3w.<\/li>\n<li>Znajomo\u015b\u0107 znaczenia ro\u015blin dla cz\u0142owieka.<\/li>\n<li>Rozr\u00f3\u017cnianie i nazywanie cz\u0119\u015bci ro\u015blin.<\/li>\n<li>Ukazywanie i wyja\u015bnianie roli zwierz\u0105t w \u017cyciu cz\u0142owieka.<\/li>\n<li>Dostrzeganie niszcz\u0105cej si\u0142y przyrody.<\/li>\n<li>Respektowanie si\u0142 natury.<\/li>\n<\/ul>\n<\/li>\n<li>Organizowanie dzieciom obserwacji pogody i zjawisk atmosferycznych w r\u00f3\u017cnych porach roku poprzez zorganizowanie &#8222;laboratorium meteorologicznego&#8221;, notowanie spostrze\u017ce\u0144, prowadzenie kalendarza pogody, ogl\u0105danie program\u00f3w telewizyjnych, film\u00f3w dydaktycznych itp.\n<ul style=\"list-style-type: disc;\">\n<li>Znajomo\u015b\u0107 czynnik\u00f3w maj\u0105cych wp\u0142yw na pogod\u0119 i narz\u0119dzi do ich pomiaru.<\/li>\n<li>Wi\u0105zanie okre\u015blonych zjawisk przyrodniczych i atmosferycznych z por\u0105 roku.<\/li>\n<\/ul>\n<\/li>\n<li>Pomaganie dzieciom w poznawaniu przyrody nieo\u017cywionej poprzez inicjowanie samodzielnych zabaw i dzia\u0142a\u0144 tw\u00f3rczych dzieci w &#8222;laboratorium badawczym&#8221; i k\u0105ciku przyrody, eksperymentowanie i wsp\u00f3lne obserwowanie z wykorzystaniem mikroskop\u00f3w, lup, lusterek itp.\n<ul style=\"list-style-type: disc;\">\n<li>Znajomo\u015b\u0107 czterech \u017cywio\u0142\u00f3w przyrody.<\/li>\n<li>Znajomo\u015b\u0107 zasad kr\u0105\u017cenia wody w przyrodzie.<\/li>\n<li>Omawianie znaczenia S\u0142o\u0144ca i Ksi\u0119\u017cyca, wyja\u015bnianie nast\u0119pstw p\u00f3r roku, dni i nocy na Ziemi.<\/li>\n<\/ul>\n<\/li>\n<li>Kszta\u0142towanie zachowa\u0144 proekologicznych w kontakcie ze \u015brodowiskiem przyrodniczym poprzez literatur\u0119, film, zabawy badawcze i hodowlane.\n<ul style=\"list-style-type: disc;\">\n<li>Interesowanie si\u0119 najbli\u017cszym \u015brodowiskiem przyrodniczym i szanowanie ziele\u0144c\u00f3w, kwietnik\u00f3w, drzew, opieka nad ptakami.<\/li>\n<li>Zwracanie uwagi podczas spacer\u00f3w na zanieczyszczenia \u015brodowiska odpadami. Wrzucanie \u015bmieci do pojemnik\u00f3w na to przeznaczonych.<\/li>\n<li>Oszcz\u0119dne gospodarowanie materia\u0142ami przyrodniczymi.<\/li>\n<li>Znajomo\u015b\u0107 przyczyn zanieczyszczenia \u015brodowiska naturalnego.<\/li>\n<li>Dowiadywanie si\u0119 o idei ruchu ekologicznego i dzia\u0142a\u0144 ludzi doros\u0142ych zmierzaj\u0105cych do ochrony \u015brodowiska. Rozumienie, \u017ce cz\u0142owiek jest cz\u0119\u015bci\u0105 przyrody i bez niej nie mo\u017ce \u017cy\u0107.<\/li>\n<li>Organizowanie i branie czynnego udzia\u0142u w akcjach propaguj\u0105cych idee ekologiczne, np. wykonywanie prac plastycznych, plakat\u00f3w, tworzenie wystawek ekologicznych, branie udzia\u0142u w konkursach ekologicznych, w\u0142\u0105czanie si\u0119 w akcj\u0119 &#8222;Sprz\u0105tanie \u015bwiata&#8221;.<\/li>\n<\/ul>\n<\/li>\n<\/ol>\n<p>[\/vc_wp_text][\/vc_tta_section][vc_tta_section title=&#8221;Segregacja odpad\u00f3w&#8221; tab_id=&#8221;1490285417659-bc12a671-ea19&#8243;][vc_wp_text]<\/p>\n<p class=\"tekst-akapit\" style=\"text-align: justify;\">Dzieci i Rodzic\u00f3w zach\u0119camy do selektywnej zbi\u00f3rki surowc\u00f3w wt\u00f3rnych. Odzyskanie i ponowne wykorzystanie tych surowc\u00f3w, tzw. recykling, jest dzia\u0142aniem bardzo po\u017c\u0105danym ze wzgl\u0119du na ochron\u0119 \u015brodowiska naturalnego. W Polsce blisko 98% odpad\u00f3w komunalnych trafia na wysypiska.<br \/>\nW wyniku du\u017cego nagromadzenia odpad\u00f3w sk\u0142adowana masa oddzia\u0142uje negatywnie na \u015brodowisko:<\/p>\n<ul style=\"text-align: justify; list-style-type: disc;\">\n<li>Zanieczyszcza wody gruntowe i powierzchniowe;<\/li>\n<li>Zanieczyszcza atmosfer\u0119 oraz gleby i okoliczna szat\u0119 ro\u015blinn\u0105;<\/li>\n<li>Niszczy walory estetyczne \u015brodowiska przez niekorzystne zmiany krajobrazu (ha\u0142dy, wysypiska).<\/li>\n<\/ul>\n<p class=\"tekst-akapit\" style=\"text-align: justify;\">Rozpocznijmy zatem w naszych gospodarstwach domowych zwraca\u0107 wi\u0119ksz\u0105 uwag\u0119 na to, co i jak wrzucamy do \u015bmieci.<br \/>\n<strong>Dzieci z naszego przedszkola ju\u017c o tym wiedz\u0105!<\/strong><\/p>\n<p class=\"tekst-akapit\" style=\"text-align: justify;\">W ogrodzie przedszkolnym, tu\u017c przy wej\u015bciu znajduj\u0105 si\u0119 odpowiednio oznakowane pojemniki w czterech kolorach do selektywnej zbi\u00f3rki odpad\u00f3w. Mo\u017cna po prostu przynie\u015b\u0107 do nas makulatur\u0119, szk\u0142o bezbarwne i kolorowe, puszki aluminiowe i opakowania plastikowe, zu\u017cyte baterie.<\/p>\n<p>[\/vc_wp_text][\/vc_tta_section][vc_tta_section title=&#8221;\u015awi\u0119ta ekologiczne&#8221; tab_id=&#8221;1490286183218-e5bce561-8737&#8243;][vc_wp_text]&nbsp;W naszym przedszkolu bardzo uroczy\u015bcie obchodzimy nadej\u015bcie ka\u017cdej pory roku i z rado\u015bci\u0105 j\u0105 witamy.<\/p>\n<p><em>&nbsp;&nbsp;&nbsp;&nbsp; 23.09<\/em> <strong>Powitanie Jesieni<\/strong> &#8211; zbieramy pi\u0119kne kolorowe li\u015bcie, kasztany i \u017co\u0142\u0119dzie, a p\u00f3\u017aniej robimy ludziki i zwierz\u0119ta,<\/p>\n<p><em>&nbsp; &nbsp;&nbsp; 22.12<\/em> <strong>Nadej\u015bcie Zimy<\/strong> &#8211; Cho\u0107 mr\u00f3z troszk\u0119 szczypie w nos cieszymy si\u0119 \u015bniegiem i budujemy ba\u0142wana albo igloo.<\/p>\n<p><em>&nbsp; &nbsp;&nbsp; 21.03<\/em> <strong>Powitanie Wiosny<\/strong> &#8211; maszerujemy rado\u015bnie z kwiatami i instrumentami perkusyjnymi wok\u00f3\u0142 przedszkola i koniecznie musimy ukry\u0107 gdzie\u015b Marzann\u0119.<\/p>\n<p><em>&nbsp;&nbsp;&nbsp;&nbsp; 21.06<\/em> <strong>Witamy Lato<\/strong> &#8211; bardzo rado\u015bnie, bo ju\u017c nied\u0142ugo wakacje.<\/p>\n<p>Staramy si\u0119 nie przegapi\u0107 ekologicznych \u015awi\u0105t i innych wa\u017cnych termin\u00f3w.<\/p>\n<p><em>&nbsp;&nbsp;&nbsp;&nbsp; W po\u0142owie wrze\u015bnia<\/em> razem ze wszystkimi <strong>Sprz\u0105tamy \u015awiat<\/strong>.<\/p>\n<p><em>&nbsp;&nbsp;&nbsp;&nbsp; 22 marca<\/em> &#8222;<strong>Dzie\u0144 Wody<\/strong>&#8221;<\/p>\n<p><em>&nbsp; &nbsp;&nbsp; 1 kwietnia<\/em> &#8222;<strong>Dzie\u0144 ptak\u00f3w<\/strong>&#8221;<\/p>\n<p><em>&nbsp; &nbsp;&nbsp; 22 kwietnia<\/em> &#8222;<strong>\u015awiatowy Dzie\u0144 Ziemi<\/strong>&#8221; i z tej okazji na przyk\u0142ad sadzimy drzewko w naszym ogrodzie przedszkolnym.<\/p>\n<p><em>&nbsp;&nbsp;&nbsp;&nbsp; 15 maja<\/em> &#8222;<strong>Dzie\u0144 Polskiej Niezapominajki<\/strong>&#8221;<\/p>\n<p><em>&nbsp; &nbsp;&nbsp; 31 maja<\/em> &#8222;<strong>Dzie\u0144 Bociana<\/strong>&#8221; &#8211; wszyscy bardzo lubimy bociany, wi\u0119c wypatrujemy z niecierpliwo\u015bci\u0105 czy pojawi\u0105 si\u0119 nad naszym osiedlem.<\/p>\n<p><em>&nbsp;&nbsp; &nbsp; 1 czerwca<\/em> &#8222;<strong>Dzie\u0144 Lasu i Zadrzewie\u0144<\/strong>&#8221;<\/p>\n<p><em>&nbsp;&nbsp; &nbsp; 5 czerwca<\/em> &#8222;<strong>Dzie\u0144 Ochrony \u015arodowiska<\/strong>&#8222;- przypominamy sobie wszystkie wa\u017cne informacje, kt\u00f3re przez ca\u0142y rok szkolny zaistnia\u0142y w naszych dzia\u0142aniach. Jeszcze raz m\u00f3wimy jak wa\u017cna jest segregacja \u015bmieci.[\/vc_wp_text][\/vc_tta_section][\/vc_tta_accordion][\/vc_column][\/vc_row]<\/p>\n<\/div>","protected":false},"excerpt":{"rendered":"<p>[vc_row][vc_column][vc_tta_accordion color=&#8221;green&#8221; spacing=&#8221;10&#8243; c_align=&#8221;center&#8221; c_icon=&#8221;&#8221; active_section=&#8221;0&#8243; collapsible_all=&#8221;true&#8221;][vc_tta_section title=&#8221;Edukacja ekologiczna&#8221; tab_id=&#8221;1490285417547-0238e873-ff31&#8243;][vc_wp_text] &nbsp;&#8222;Wi\u0119ksza m\u0105dro\u015b\u0107 znajduje si\u0119 w przyrodzie ni\u017c w ksi\u0105\u017ckach.&#8221; Bernard Clairvaux Nasze przedszkole jest plac\u00f3wk\u0105 o profilu ekologicznym. Oznacza to, [&hellip;]<\/p>\n","protected":false},"author":7,"featured_media":0,"parent":0,"menu_order":0,"comment_status":"closed","ping_status":"closed","template":"","meta":{"ngg_post_thumbnail":0,"footnotes":""},"class_list":["post-102","page","type-page","status-publish","hentry","clearfix"],"_links":{"self":[{"href":"https:\/\/przedszkole126.edu.wroclaw.pl\/index.php\/wp-json\/wp\/v2\/pages\/102","targetHints":{"allow":["GET"]}}],"collection":[{"href":"https:\/\/przedszkole126.edu.wroclaw.pl\/index.php\/wp-json\/wp\/v2\/pages"}],"about":[{"href":"https:\/\/przedszkole126.edu.wroclaw.pl\/index.php\/wp-json\/wp\/v2\/types\/page"}],"author":[{"embeddable":true,"href":"https:\/\/przedszkole126.edu.wroclaw.pl\/index.php\/wp-json\/wp\/v2\/users\/7"}],"replies":[{"embeddable":true,"href":"https:\/\/przedszkole126.edu.wroclaw.pl\/index.php\/wp-json\/wp\/v2\/comments?post=102"}],"version-history":[{"count":10,"href":"https:\/\/przedszkole126.edu.wroclaw.pl\/index.php\/wp-json\/wp\/v2\/pages\/102\/revisions"}],"predecessor-version":[{"id":174,"href":"https:\/\/przedszkole126.edu.wroclaw.pl\/index.php\/wp-json\/wp\/v2\/pages\/102\/revisions\/174"}],"wp:attachment":[{"href":"https:\/\/przedszkole126.edu.wroclaw.pl\/index.php\/wp-json\/wp\/v2\/media?parent=102"}],"curies":[{"name":"wp","href":"https:\/\/api.w.org\/{rel}","templated":true}]}}